{"id":1803,"date":"2025-03-28T13:28:23","date_gmt":"2025-03-28T13:28:23","guid":{"rendered":"https:\/\/boraborahoney.com\/?post_type=product&#038;p=1803"},"modified":"2025-04-27T21:01:56","modified_gmt":"2025-04-27T21:01:56","slug":"vanilla-honey-net-wt-210-g-7-41-oz","status":"publish","type":"product","link":"https:\/\/boraborahoney.com\/fr\/produkt\/vanilla-honey-net-wt-210-g-7-41-oz","title":{"rendered":"Miel de vanille  (Poids net. 210 g \/ 7.41 oz.)"},"content":{"rendered":"","protected":false},"excerpt":{"rendered":"<div dir=\"auto\">Miel biologique infus\u00e9 \u00e0 la vanille de Tahiti<\/div>\n<div dir=\"auto\">Non trait\u00e9, non transform\u00e9 et non pasteuris\u00e9<\/div>\n<div dir=\"auto\">Le miel \u00e0 la vanille offre des saveurs profondes, riches et tr\u00e8s douces gr\u00e2ce aux gousses de vanille de Tahiti de premi\u00e8re qualit\u00e9 et au miel local pur.<\/div>","protected":false},"featured_media":1804,"comment_status":"closed","ping_status":"closed","template":"","meta":[],"product_brand":[],"product_cat":[24],"product_tag":[29],"class_list":{"0":"post-1803","1":"product","2":"type-product","3":"status-publish","4":"has-post-thumbnail","6":"product_cat-food","7":"product_tag-honey","9":"first","10":"outofstock","11":"shipping-taxable","12":"purchasable","13":"product-type-simple"},"_links":{"self":[{"href":"https:\/\/boraborahoney.com\/fr\/wp-json\/wp\/v2\/product\/1803","targetHints":{"allow":["GET"]}}],"collection":[{"href":"https:\/\/boraborahoney.com\/fr\/wp-json\/wp\/v2\/product"}],"about":[{"href":"https:\/\/boraborahoney.com\/fr\/wp-json\/wp\/v2\/types\/product"}],"replies":[{"embeddable":true,"href":"https:\/\/boraborahoney.com\/fr\/wp-json\/wp\/v2\/comments?post=1803"}],"wp:featuredmedia":[{"embeddable":true,"href":"https:\/\/boraborahoney.com\/fr\/wp-json\/wp\/v2\/media\/1804"}],"wp:attachment":[{"href":"https:\/\/boraborahoney.com\/fr\/wp-json\/wp\/v2\/media?parent=1803"}],"wp:term":[{"taxonomy":"product_brand","embeddable":true,"href":"https:\/\/boraborahoney.com\/fr\/wp-json\/wp\/v2\/product_brand?post=1803"},{"taxonomy":"product_cat","embeddable":true,"href":"https:\/\/boraborahoney.com\/fr\/wp-json\/wp\/v2\/product_cat?post=1803"},{"taxonomy":"product_tag","embeddable":true,"href":"https:\/\/boraborahoney.com\/fr\/wp-json\/wp\/v2\/product_tag?post=1803"}],"curies":[{"name":"wp","href":"https:\/\/api.w.org\/{rel}","templated":true}]}}