{"id":1800,"date":"2025-03-28T13:11:48","date_gmt":"2025-03-28T13:11:48","guid":{"rendered":"https:\/\/boraborahoney.com\/?post_type=product&#038;p=1800"},"modified":"2025-04-27T21:02:26","modified_gmt":"2025-04-27T21:02:26","slug":"turmeric-honey","status":"publish","type":"product","link":"https:\/\/boraborahoney.com\/fr\/produkt\/turmeric-honey","title":{"rendered":"Miel de curcuma (Poids net. 210 g \/ 7.41 oz.)"},"content":{"rendered":"","protected":false},"excerpt":{"rendered":"<div dir=\"auto\">Le miel de curcuma, le miel d'or, est connu comme l'antibiotique le plus puissant.<\/div>\n<div dir=\"auto\">Le curcuma est depuis longtemps consid\u00e9r\u00e9 comme un superaliment et poss\u00e8de d'incroyables bienfaits pour la sant\u00e9. En combinant ces deux \u00e9l\u00e9ments, on obtient un miel local exquis qui offre une touche de sant\u00e9 douce et d\u00e9licieuse<\/div>","protected":false},"featured_media":1801,"comment_status":"closed","ping_status":"closed","template":"","meta":[],"product_brand":[],"product_cat":[24],"product_tag":[29],"class_list":{"0":"post-1800","1":"product","2":"type-product","3":"status-publish","4":"has-post-thumbnail","6":"product_cat-food","7":"product_tag-honey","9":"first","10":"outofstock","11":"shipping-taxable","12":"purchasable","13":"product-type-simple"},"_links":{"self":[{"href":"https:\/\/boraborahoney.com\/fr\/wp-json\/wp\/v2\/product\/1800","targetHints":{"allow":["GET"]}}],"collection":[{"href":"https:\/\/boraborahoney.com\/fr\/wp-json\/wp\/v2\/product"}],"about":[{"href":"https:\/\/boraborahoney.com\/fr\/wp-json\/wp\/v2\/types\/product"}],"replies":[{"embeddable":true,"href":"https:\/\/boraborahoney.com\/fr\/wp-json\/wp\/v2\/comments?post=1800"}],"wp:featuredmedia":[{"embeddable":true,"href":"https:\/\/boraborahoney.com\/fr\/wp-json\/wp\/v2\/media\/1801"}],"wp:attachment":[{"href":"https:\/\/boraborahoney.com\/fr\/wp-json\/wp\/v2\/media?parent=1800"}],"wp:term":[{"taxonomy":"product_brand","embeddable":true,"href":"https:\/\/boraborahoney.com\/fr\/wp-json\/wp\/v2\/product_brand?post=1800"},{"taxonomy":"product_cat","embeddable":true,"href":"https:\/\/boraborahoney.com\/fr\/wp-json\/wp\/v2\/product_cat?post=1800"},{"taxonomy":"product_tag","embeddable":true,"href":"https:\/\/boraborahoney.com\/fr\/wp-json\/wp\/v2\/product_tag?post=1800"}],"curies":[{"name":"wp","href":"https:\/\/api.w.org\/{rel}","templated":true}]}}