{"id":116,"date":"2022-02-18T12:08:55","date_gmt":"2022-02-18T12:08:55","guid":{"rendered":"http:\/\/boraborahoney.com\/?page_id=116"},"modified":"2025-03-05T20:46:29","modified_gmt":"2025-03-05T20:46:29","slug":"about-me","status":"publish","type":"page","link":"https:\/\/boraborahoney.com\/fr\/about-me","title":{"rendered":"\u00c0 propos de moi"},"content":{"rendered":"<div data-elementor-type=\"wp-page\" data-elementor-id=\"116\" class=\"elementor elementor-116\" data-elementor-post-type=\"page\">\n\t\t\t\t\t\t<section class=\"elementor-section elementor-top-section elementor-element elementor-element-659fcc9c elementor-section-full_width elementor-section-stretched elementor-section-height-default elementor-section-height-default\" data-id=\"659fcc9c\" data-element_type=\"section\" data-e-type=\"section\" data-settings=\"{&quot;stretch_section&quot;:&quot;section-stretched&quot;}\">\n\t\t\t\t\t\t<div class=\"elementor-container elementor-column-gap-default\">\n\t\t\t\t\t<div class=\"elementor-column elementor-col-33 elementor-top-column elementor-element elementor-element-e6fe8f2\" data-id=\"e6fe8f2\" data-element_type=\"column\" data-e-type=\"column\">\n\t\t\t<div class=\"elementor-widget-wrap elementor-element-populated\">\n\t\t\t\t\t\t<div class=\"elementor-element elementor-element-2954c096 elementor-widget elementor-widget-image\" data-id=\"2954c096\" data-element_type=\"widget\" data-e-type=\"widget\" data-widget_type=\"image.default\">\n\t\t\t\t<div class=\"elementor-widget-container\">\n\t\t\t\t\t\t\t\t\t\t\t\t\t\t\t<img decoding=\"async\" width=\"150\" height=\"150\" src=\"https:\/\/boraborahoney.com\/wp-content\/uploads\/2022\/02\/Logo-02-150x150.jpg\" class=\"attachment-thumbnail size-thumbnail wp-image-138\" alt=\"\" srcset=\"https:\/\/boraborahoney.com\/wp-content\/uploads\/2022\/02\/Logo-02-150x150.jpg 150w, https:\/\/boraborahoney.com\/wp-content\/uploads\/2022\/02\/Logo-02-450x450.jpg 450w, https:\/\/boraborahoney.com\/wp-content\/uploads\/2022\/02\/Logo-02-100x100.jpg 100w\" sizes=\"(max-width: 150px) 100vw, 150px\" \/>\t\t\t\t\t\t\t\t\t\t\t\t\t\t\t<\/div>\n\t\t\t\t<\/div>\n\t\t\t\t\t<\/div>\n\t\t<\/div>\n\t\t\t\t<div class=\"elementor-column elementor-col-66 elementor-top-column elementor-element elementor-element-3a8d12a1\" data-id=\"3a8d12a1\" data-element_type=\"column\" data-e-type=\"column\">\n\t\t\t<div class=\"elementor-widget-wrap elementor-element-populated\">\n\t\t\t\t\t\t<div class=\"elementor-element elementor-element-3982e70b elementor-nav-menu__align-center elementor-nav-menu--dropdown-tablet elementor-nav-menu__text-align-aside elementor-nav-menu--toggle elementor-nav-menu--burger elementor-widget elementor-widget-nav-menu\" data-id=\"3982e70b\" data-element_type=\"widget\" data-e-type=\"widget\" data-settings=\"{&quot;layout&quot;:&quot;horizontal&quot;,&quot;submenu_icon&quot;:{&quot;value&quot;:&quot;&lt;i class=\\&quot;fas fa-caret-down\\&quot; aria-hidden=\\&quot;true\\&quot;&gt;&lt;\\\/i&gt;&quot;,&quot;library&quot;:&quot;fa-solid&quot;},&quot;toggle&quot;:&quot;burger&quot;}\" data-widget_type=\"nav-menu.default\">\n\t\t\t\t<div class=\"elementor-widget-container\">\n\t\t\t\t\t\t\t\t<nav aria-label=\"Menu\" class=\"elementor-nav-menu--main elementor-nav-menu__container elementor-nav-menu--layout-horizontal e--pointer-underline e--animation-fade\">\n\t\t\t\t<ul id=\"menu-1-3982e70b\" class=\"elementor-nav-menu\"><li class=\"menu-item menu-item-type-post_type menu-item-object-page menu-item-home menu-item-127\"><a href=\"https:\/\/boraborahoney.com\/fr\/\" class=\"elementor-item\">Accueil<\/a><\/li>\n<li class=\"menu-item menu-item-type-post_type menu-item-object-page menu-item-has-children menu-item-1723\"><a href=\"https:\/\/boraborahoney.com\/fr\/about-bora-bora-honey\" class=\"elementor-item\">A propos de Bora Bora Honey<\/a>\n<ul class=\"sub-menu elementor-nav-menu--dropdown\">\n\t<li class=\"menu-item menu-item-type-custom menu-item-object-custom menu-item-1974\"><a href=\"https:\/\/boraborahoney.com\/fr\/about-bora-bora-honey\/#about\" class=\"elementor-sub-item elementor-item-anchor\">\u00c0 propos de moi<\/a><\/li>\n<\/ul>\n<\/li>\n<li class=\"menu-item menu-item-type-post_type menu-item-object-page menu-item-126\"><a href=\"https:\/\/boraborahoney.com\/fr\/philosophy\" class=\"elementor-item\">Philosophie<\/a><\/li>\n<li class=\"menu-item menu-item-type-post_type menu-item-object-page menu-item-1248\"><a href=\"https:\/\/boraborahoney.com\/fr\/shop_main\" class=\"elementor-item\">Boutique<\/a><\/li>\n<li class=\"menu-item menu-item-type-post_type menu-item-object-page menu-item-123\"><a href=\"https:\/\/boraborahoney.com\/fr\/contact\" class=\"elementor-item\">Contact<\/a><\/li>\n<\/ul>\t\t\t<\/nav>\n\t\t\t\t\t<div class=\"elementor-menu-toggle\" role=\"button\" tabindex=\"0\" aria-label=\"Permuter le menu\" aria-expanded=\"false\">\n\t\t\t<i aria-hidden=\"true\" role=\"presentation\" class=\"elementor-menu-toggle__icon--open eicon-menu-bar\"><\/i><i aria-hidden=\"true\" role=\"presentation\" class=\"elementor-menu-toggle__icon--close eicon-close\"><\/i>\t\t<\/div>\n\t\t\t\t\t<nav class=\"elementor-nav-menu--dropdown elementor-nav-menu__container\" aria-hidden=\"true\">\n\t\t\t\t<ul id=\"menu-2-3982e70b\" class=\"elementor-nav-menu\"><li class=\"menu-item menu-item-type-post_type menu-item-object-page menu-item-home menu-item-127\"><a href=\"https:\/\/boraborahoney.com\/fr\/\" class=\"elementor-item\" tabindex=\"-1\">Accueil<\/a><\/li>\n<li class=\"menu-item menu-item-type-post_type menu-item-object-page menu-item-has-children menu-item-1723\"><a href=\"https:\/\/boraborahoney.com\/fr\/about-bora-bora-honey\" class=\"elementor-item\" tabindex=\"-1\">A propos de Bora Bora Honey<\/a>\n<ul class=\"sub-menu elementor-nav-menu--dropdown\">\n\t<li class=\"menu-item menu-item-type-custom menu-item-object-custom menu-item-1974\"><a href=\"https:\/\/boraborahoney.com\/fr\/about-bora-bora-honey\/#about\" class=\"elementor-sub-item elementor-item-anchor\" tabindex=\"-1\">\u00c0 propos de moi<\/a><\/li>\n<\/ul>\n<\/li>\n<li class=\"menu-item menu-item-type-post_type menu-item-object-page menu-item-126\"><a href=\"https:\/\/boraborahoney.com\/fr\/philosophy\" class=\"elementor-item\" tabindex=\"-1\">Philosophie<\/a><\/li>\n<li class=\"menu-item menu-item-type-post_type menu-item-object-page menu-item-1248\"><a href=\"https:\/\/boraborahoney.com\/fr\/shop_main\" class=\"elementor-item\" tabindex=\"-1\">Boutique<\/a><\/li>\n<li class=\"menu-item menu-item-type-post_type menu-item-object-page menu-item-123\"><a href=\"https:\/\/boraborahoney.com\/fr\/contact\" class=\"elementor-item\" tabindex=\"-1\">Contact<\/a><\/li>\n<\/ul>\t\t\t<\/nav>\n\t\t\t\t\t\t<\/div>\n\t\t\t\t<\/div>\n\t\t\t\t\t<\/div>\n\t\t<\/div>\n\t\t\t\t\t<\/div>\n\t\t<\/section>\n\t\t\t\t<section class=\"elementor-section elementor-top-section elementor-element elementor-element-cdce4bb elementor-section-stretched elementor-section-boxed elementor-section-height-default elementor-section-height-default\" data-id=\"cdce4bb\" data-element_type=\"section\" data-e-type=\"section\" data-settings=\"{&quot;stretch_section&quot;:&quot;section-stretched&quot;}\">\n\t\t\t\t\t\t<div class=\"elementor-container elementor-column-gap-default\">\n\t\t\t\t\t<div class=\"elementor-column elementor-col-50 elementor-top-column elementor-element elementor-element-7bea303\" data-id=\"7bea303\" data-element_type=\"column\" data-e-type=\"column\">\n\t\t\t<div class=\"elementor-widget-wrap elementor-element-populated\">\n\t\t\t\t\t\t<div class=\"elementor-element elementor-element-ac7e050 elementor-widget elementor-widget-heading\" data-id=\"ac7e050\" data-element_type=\"widget\" data-e-type=\"widget\" data-widget_type=\"heading.default\">\n\t\t\t\t<div class=\"elementor-widget-container\">\n\t\t\t\t\t<h2 class=\"elementor-heading-title elementor-size-default\">\u00c0 propos de moi<\/h2>\t\t\t\t<\/div>\n\t\t\t\t<\/div>\n\t\t\t\t<div class=\"elementor-element elementor-element-01cc385 elementor-widget elementor-widget-image\" data-id=\"01cc385\" data-element_type=\"widget\" data-e-type=\"widget\" data-widget_type=\"image.default\">\n\t\t\t\t<div class=\"elementor-widget-container\">\n\t\t\t\t\t\t\t\t\t\t\t\t\t\t\t<img fetchpriority=\"high\" decoding=\"async\" width=\"1600\" height=\"1067\" src=\"https:\/\/boraborahoney.com\/wp-content\/uploads\/2022\/03\/bora-62-scaled.jpg\" class=\"attachment-full size-full wp-image-399\" alt=\"\" srcset=\"https:\/\/boraborahoney.com\/wp-content\/uploads\/2022\/03\/bora-62-scaled.jpg 1600w, https:\/\/boraborahoney.com\/wp-content\/uploads\/2022\/03\/bora-62-scaled-600x400.jpg 600w, https:\/\/boraborahoney.com\/wp-content\/uploads\/2022\/03\/bora-62-300x200.jpg 300w, https:\/\/boraborahoney.com\/wp-content\/uploads\/2022\/03\/bora-62-1024x683.jpg 1024w, https:\/\/boraborahoney.com\/wp-content\/uploads\/2022\/03\/bora-62-768x512.jpg 768w, https:\/\/boraborahoney.com\/wp-content\/uploads\/2022\/03\/bora-62-1536x1024.jpg 1536w, https:\/\/boraborahoney.com\/wp-content\/uploads\/2022\/03\/bora-62-2048x1365.jpg 2048w, https:\/\/boraborahoney.com\/wp-content\/uploads\/2022\/03\/bora-62-18x12.jpg 18w, https:\/\/boraborahoney.com\/wp-content\/uploads\/2022\/03\/bora-62-1200x800.jpg 1200w, https:\/\/boraborahoney.com\/wp-content\/uploads\/2022\/03\/bora-62-1980x1320.jpg 1980w\" sizes=\"(max-width: 1600px) 100vw, 1600px\" \/>\t\t\t\t\t\t\t\t\t\t\t\t\t\t\t<\/div>\n\t\t\t\t<\/div>\n\t\t\t\t\t<\/div>\n\t\t<\/div>\n\t\t\t\t<div class=\"elementor-column elementor-col-50 elementor-top-column elementor-element elementor-element-094feb7\" data-id=\"094feb7\" data-element_type=\"column\" data-e-type=\"column\" data-settings=\"{&quot;background_background&quot;:&quot;classic&quot;}\">\n\t\t\t<div class=\"elementor-widget-wrap elementor-element-populated\">\n\t\t\t\t\t\t<div class=\"elementor-element elementor-element-82733b9 elementor-widget elementor-widget-text-editor\" data-id=\"82733b9\" data-element_type=\"widget\" data-e-type=\"widget\" data-widget_type=\"text-editor.default\">\n\t\t\t\t<div class=\"elementor-widget-container\">\n\t\t\t\t\t\t\t\t\t<p>Je suis p\u00e9dagogue professionnelle et enseignante Montessori.<br \/>Mon nom est Maja et je suis le visage de Bora Bora Honey en Polyn\u00e9sie fran\u00e7aise.<br \/>P\u00e9dagogue Montessori professionnelle, j'ai d\u00e9couvert ma passion pour les<br \/>les abeilles par hasard et qui a fait de l'apiculture une fascination, puis une activit\u00e9, d'abord de loisir, et aujourd'hui\u00a0professionnelle.<br \/>une profession que j'exerce avec passion.<br \/>Le fait d'\u00eatre \u00e0 leur contact, les observer, les admirer, et b\u00e9n\u00e9ficier de leurs richesses, est devenu l'une de mes activit\u00e9s favorites.<\/p>\t\t\t\t\t\t\t\t<\/div>\n\t\t\t\t<\/div>\n\t\t\t\t\t<\/div>\n\t\t<\/div>\n\t\t\t\t\t<\/div>\n\t\t<\/section>\n\t\t\t\t<section class=\"elementor-section elementor-top-section elementor-element elementor-element-1361e15f elementor-section-full_width elementor-section-stretched elementor-section-height-default elementor-section-height-default\" data-id=\"1361e15f\" data-element_type=\"section\" data-e-type=\"section\" data-settings=\"{&quot;stretch_section&quot;:&quot;section-stretched&quot;}\">\n\t\t\t\t\t\t<div class=\"elementor-container elementor-column-gap-default\">\n\t\t\t\t\t<div class=\"elementor-column elementor-col-100 elementor-top-column elementor-element elementor-element-44ae5bdc\" data-id=\"44ae5bdc\" data-element_type=\"column\" data-e-type=\"column\">\n\t\t\t<div class=\"elementor-widget-wrap elementor-element-populated\">\n\t\t\t\t\t\t<div class=\"elementor-element elementor-element-c1eb435 elementor-widget elementor-widget-spacer\" data-id=\"c1eb435\" data-element_type=\"widget\" data-e-type=\"widget\" data-widget_type=\"spacer.default\">\n\t\t\t\t<div class=\"elementor-widget-container\">\n\t\t\t\t\t\t\t<div class=\"elementor-spacer\">\n\t\t\t<div class=\"elementor-spacer-inner\"><\/div>\n\t\t<\/div>\n\t\t\t\t\t\t<\/div>\n\t\t\t\t<\/div>\n\t\t\t\t<div class=\"elementor-element elementor-element-8afd231 elementor-widget elementor-widget-heading\" data-id=\"8afd231\" data-element_type=\"widget\" data-e-type=\"widget\" data-widget_type=\"heading.default\">\n\t\t\t\t<div class=\"elementor-widget-container\">\n\t\t\t\t\t<h2 class=\"elementor-heading-title elementor-size-default\">Journ\u00e9e d\u00e9couverte \u00e0 la demande pour les enfants<\/h2>\t\t\t\t<\/div>\n\t\t\t\t<\/div>\n\t\t\t\t<div class=\"elementor-element elementor-element-164bf18 elementor--h-position-center elementor--v-position-middle elementor-widget elementor-widget-slides\" data-id=\"164bf18\" data-element_type=\"widget\" data-e-type=\"widget\" data-settings=\"{&quot;navigation&quot;:&quot;none&quot;,&quot;autoplay_speed&quot;:2500,&quot;autoplay&quot;:&quot;yes&quot;,&quot;infinite&quot;:&quot;yes&quot;,&quot;transition&quot;:&quot;slide&quot;,&quot;transition_speed&quot;:500}\" data-widget_type=\"slides.default\">\n\t\t\t\t<div class=\"elementor-widget-container\">\n\t\t\t\t\t\t\t\t\t<div class=\"elementor-swiper\">\n\t\t\t\t\t<div class=\"elementor-slides-wrapper elementor-main-swiper swiper\" role=\"region\" aria-roledescription=\"carousel\" aria-label=\"Diapositives\" dir=\"ltr\" data-animation=\"fadeInUp\">\n\t\t\t\t<div class=\"swiper-wrapper elementor-slides\">\n\t\t\t\t\t\t\t\t\t\t<div class=\"elementor-repeater-item-cdc7825 swiper-slide\" role=\"group\" aria-roledescription=\"slide\"><div class=\"swiper-slide-bg\" role=\"img\" aria-label=\"bora-9\"><\/div><div class=\"swiper-slide-inner\" ><div class=\"swiper-slide-contents\"><div class=\"elementor-slide-heading\">Journ\u00e9e sp\u00e9ciale pour les enfants <\/div><div class=\"elementor-slide-description\">de d\u00e9couverte de l'apiculture et des abeilles avec ChildCare Service et Maja votre apicultrice pr\u00e9fer\u00e9e<\/div><\/div><\/div><\/div><div class=\"elementor-repeater-item-cebb720 swiper-slide\" role=\"group\" aria-roledescription=\"slide\"><div class=\"swiper-slide-bg\" role=\"img\" aria-label=\"bora-bora Honey\"><\/div><div class=\"swiper-slide-inner\" ><div class=\"swiper-slide-contents\"><div class=\"elementor-slide-heading\">Journ\u00e9e sp\u00e9ciale pour les enfants <\/div><div class=\"elementor-slide-description\">de d\u00e9couverte de l'apiculture et des abeilles avec ChildCare Service et Maja votre apicultrice pr\u00e9fer\u00e9e<\/div><\/div><\/div><\/div><div class=\"elementor-repeater-item-e2b03fc swiper-slide\" role=\"group\" aria-roledescription=\"slide\"><div class=\"swiper-slide-bg\" role=\"img\" aria-label=\"bora-54\"><\/div><div class=\"swiper-slide-inner\" ><div class=\"swiper-slide-contents\"><div class=\"elementor-slide-heading\">Journ\u00e9e sp\u00e9ciale pour les enfants <\/div><div class=\"elementor-slide-description\">de d\u00e9couverte de l'apiculture et des abeilles avec ChildCare Service et Maja votre apicultrice pr\u00e9fer\u00e9e<\/div><\/div><\/div><\/div><div class=\"elementor-repeater-item-ba07d89 swiper-slide\" role=\"group\" aria-roledescription=\"slide\"><div class=\"swiper-slide-bg\" role=\"img\" aria-label=\"bora-34\"><\/div><div class=\"swiper-slide-inner\" ><div class=\"swiper-slide-contents\"><div class=\"elementor-slide-heading\">Journ\u00e9e sp\u00e9ciale pour les enfants <\/div><div class=\"elementor-slide-description\">de d\u00e9couverte de l'apiculture et des abeilles avec ChildCare Service et Maja votre apicultrice pr\u00e9fer\u00e9e<\/div><\/div><\/div><\/div><div class=\"elementor-repeater-item-809b0cd swiper-slide\" role=\"group\" aria-roledescription=\"slide\"><div class=\"swiper-slide-bg\" role=\"img\" aria-label=\"bora-14\"><\/div><div class=\"swiper-slide-inner\" ><div class=\"swiper-slide-contents\"><div class=\"elementor-slide-heading\">Journ\u00e9e sp\u00e9ciale pour les enfants <\/div><div class=\"elementor-slide-description\">de d\u00e9couverte de l'apiculture et des abeilles avec ChildCare Service et Maja votre apicultrice pr\u00e9fer\u00e9e<\/div><\/div><\/div><\/div><div class=\"elementor-repeater-item-d559d3c swiper-slide\" role=\"group\" aria-roledescription=\"slide\"><div class=\"swiper-slide-bg\" role=\"img\" aria-label=\"bora-74\"><\/div><div class=\"swiper-slide-inner\" ><div class=\"swiper-slide-contents\"><div class=\"elementor-slide-heading\">Journ\u00e9e sp\u00e9ciale pour les enfants <\/div><div class=\"elementor-slide-description\">de d\u00e9couverte de l'apiculture et des abeilles avec ChildCare Service et Maja votre apicultrice pr\u00e9fer\u00e9e<\/div><\/div><\/div><\/div>\t\t\t\t<\/div>\n\t\t\t\t\t\t\t\t\t\t\t\t\t\t\t\t\t\t\t\t\t<\/div>\n\t\t\t\t<\/div>\n\t\t\t\t\t\t\t\t<\/div>\n\t\t\t\t<\/div>\n\t\t\t\t\t<\/div>\n\t\t<\/div>\n\t\t\t\t\t<\/div>\n\t\t<\/section>\n\t\t\t\t<section class=\"elementor-section elementor-top-section elementor-element elementor-element-44d0d79 elementor-section-boxed elementor-section-height-default elementor-section-height-default\" data-id=\"44d0d79\" data-element_type=\"section\" data-e-type=\"section\">\n\t\t\t\t\t\t<div class=\"elementor-container elementor-column-gap-default\">\n\t\t\t\t\t<div class=\"elementor-column elementor-col-100 elementor-top-column elementor-element elementor-element-f32ff8f\" data-id=\"f32ff8f\" data-element_type=\"column\" data-e-type=\"column\">\n\t\t\t<div class=\"elementor-widget-wrap elementor-element-populated\">\n\t\t\t\t\t\t<div class=\"elementor-element elementor-element-9f433f7 elementor-widget elementor-widget-image\" data-id=\"9f433f7\" data-element_type=\"widget\" data-e-type=\"widget\" data-widget_type=\"image.default\">\n\t\t\t\t<div class=\"elementor-widget-container\">\n\t\t\t\t\t\t\t\t\t\t\t\t\t\t\t\t<a href=\"http:\/\/www.boraborachildcareservice.com\">\n\t\t\t\t\t\t\t<img decoding=\"async\" width=\"300\" height=\"296\" src=\"https:\/\/boraborahoney.com\/wp-content\/uploads\/2022\/03\/Maja-Logo_Custom_NoFont_Rot_001-300x296.png\" class=\"attachment-medium size-medium wp-image-878\" alt=\"\" srcset=\"https:\/\/boraborahoney.com\/wp-content\/uploads\/2022\/03\/Maja-Logo_Custom_NoFont_Rot_001-300x296.png 300w, https:\/\/boraborahoney.com\/wp-content\/uploads\/2022\/03\/Maja-Logo_Custom_NoFont_Rot_001-1024x1010.png 1024w, https:\/\/boraborahoney.com\/wp-content\/uploads\/2022\/03\/Maja-Logo_Custom_NoFont_Rot_001-768x758.png 768w, https:\/\/boraborahoney.com\/wp-content\/uploads\/2022\/03\/Maja-Logo_Custom_NoFont_Rot_001-1536x1515.png 1536w, https:\/\/boraborahoney.com\/wp-content\/uploads\/2022\/03\/Maja-Logo_Custom_NoFont_Rot_001-2048x2020.png 2048w, https:\/\/boraborahoney.com\/wp-content\/uploads\/2022\/03\/Maja-Logo_Custom_NoFont_Rot_001-12x12.png 12w, https:\/\/boraborahoney.com\/wp-content\/uploads\/2022\/03\/Maja-Logo_Custom_NoFont_Rot_001-1200x1184.png 1200w, https:\/\/boraborahoney.com\/wp-content\/uploads\/2022\/03\/Maja-Logo_Custom_NoFont_Rot_001-1980x1953.png 1980w, https:\/\/boraborahoney.com\/wp-content\/uploads\/2022\/03\/Maja-Logo_Custom_NoFont_Rot_001-600x592.png 600w, https:\/\/boraborahoney.com\/wp-content\/uploads\/2022\/03\/Maja-Logo_Custom_NoFont_Rot_001-100x100.png 100w, https:\/\/boraborahoney.com\/wp-content\/uploads\/2022\/03\/Maja-Logo_Custom_NoFont_Rot_001.png 1600w\" sizes=\"(max-width: 300px) 100vw, 300px\" \/>\t\t\t\t\t\t\t\t<\/a>\n\t\t\t\t\t\t\t\t\t\t\t\t\t\t\t<\/div>\n\t\t\t\t<\/div>\n\t\t\t\t\t<\/div>\n\t\t<\/div>\n\t\t\t\t\t<\/div>\n\t\t<\/section>\n\t\t\t\t<section class=\"elementor-section elementor-top-section elementor-element elementor-element-8e68dfa elementor-section-boxed elementor-section-height-default elementor-section-height-default\" data-id=\"8e68dfa\" data-element_type=\"section\" data-e-type=\"section\">\n\t\t\t\t\t\t<div class=\"elementor-container elementor-column-gap-default\">\n\t\t\t\t\t<div class=\"elementor-column elementor-col-100 elementor-top-column elementor-element elementor-element-11c8079\" data-id=\"11c8079\" data-element_type=\"column\" data-e-type=\"column\">\n\t\t\t<div class=\"elementor-widget-wrap elementor-element-populated\">\n\t\t\t\t\t\t<div class=\"elementor-element elementor-element-780baf3 elementor-widget elementor-widget-text-editor\" data-id=\"780baf3\" data-element_type=\"widget\" data-e-type=\"widget\" data-widget_type=\"text-editor.default\">\n\t\t\t\t<div class=\"elementor-widget-container\">\n\t\t\t\t\t\t\t\t\t<p>Venez visiter Bora Bora ChildCare Service et r\u00e9servez une session d'apiculture pour vos enfants<\/p>\t\t\t\t\t\t\t\t<\/div>\n\t\t\t\t<\/div>\n\t\t\t\t\t<\/div>\n\t\t<\/div>\n\t\t\t\t\t<\/div>\n\t\t<\/section>\n\t\t\t\t<section class=\"elementor-section elementor-top-section elementor-element elementor-element-99fdea2 elementor-section-boxed elementor-section-height-default elementor-section-height-default\" data-id=\"99fdea2\" data-element_type=\"section\" data-e-type=\"section\">\n\t\t\t\t\t\t<div class=\"elementor-container elementor-column-gap-default\">\n\t\t\t\t\t<div class=\"elementor-column elementor-col-100 elementor-top-column elementor-element elementor-element-b221882\" data-id=\"b221882\" data-element_type=\"column\" data-e-type=\"column\">\n\t\t\t<div class=\"elementor-widget-wrap elementor-element-populated\">\n\t\t\t\t\t\t<div class=\"elementor-element elementor-element-4caa244 elementor-align-center elementor-widget elementor-widget-button\" data-id=\"4caa244\" data-element_type=\"widget\" data-e-type=\"widget\" data-widget_type=\"button.default\">\n\t\t\t\t<div class=\"elementor-widget-container\">\n\t\t\t\t\t\t\t\t\t<div class=\"elementor-button-wrapper\">\n\t\t\t\t\t<a class=\"elementor-button elementor-button-link elementor-size-sm\" href=\"http:\/\/www.boraborachildcareservice.com\">\n\t\t\t\t\t\t<span class=\"elementor-button-content-wrapper\">\n\t\t\t\t\t\t\t\t\t<span class=\"elementor-button-text\">Venez visiter Bora Bora ChildCare Service<\/span>\n\t\t\t\t\t<\/span>\n\t\t\t\t\t<\/a>\n\t\t\t\t<\/div>\n\t\t\t\t\t\t\t\t<\/div>\n\t\t\t\t<\/div>\n\t\t\t\t\t<\/div>\n\t\t<\/div>\n\t\t\t\t\t<\/div>\n\t\t<\/section>\n\t\t\t\t<\/div>","protected":false},"excerpt":{"rendered":"<p>About me May I introduce myself?My name is Maja and I m the face behind Bora Bora Honey.I&#8217;m a professional pedagoge\/childmimder and Montessori teacher who discovered the passion for thisamazing and fascinating creatures. Since then, beekeeping has become one of my favorite activities andthus simple curiosity turned into pure passion.My mission is to share my [&hellip;]<\/p>\n","protected":false},"author":1,"featured_media":0,"parent":0,"menu_order":0,"comment_status":"closed","ping_status":"closed","template":"","meta":{"footnotes":""},"class_list":["post-116","page","type-page","status-publish","hentry"],"_links":{"self":[{"href":"https:\/\/boraborahoney.com\/fr\/wp-json\/wp\/v2\/pages\/116","targetHints":{"allow":["GET"]}}],"collection":[{"href":"https:\/\/boraborahoney.com\/fr\/wp-json\/wp\/v2\/pages"}],"about":[{"href":"https:\/\/boraborahoney.com\/fr\/wp-json\/wp\/v2\/types\/page"}],"author":[{"embeddable":true,"href":"https:\/\/boraborahoney.com\/fr\/wp-json\/wp\/v2\/users\/1"}],"replies":[{"embeddable":true,"href":"https:\/\/boraborahoney.com\/fr\/wp-json\/wp\/v2\/comments?post=116"}],"version-history":[{"count":64,"href":"https:\/\/boraborahoney.com\/fr\/wp-json\/wp\/v2\/pages\/116\/revisions"}],"predecessor-version":[{"id":1568,"href":"https:\/\/boraborahoney.com\/fr\/wp-json\/wp\/v2\/pages\/116\/revisions\/1568"}],"wp:attachment":[{"href":"https:\/\/boraborahoney.com\/fr\/wp-json\/wp\/v2\/media?parent=116"}],"curies":[{"name":"wp","href":"https:\/\/api.w.org\/{rel}","templated":true}]}}